{"id":10,"date":"2024-02-12T11:42:59","date_gmt":"2024-02-12T10:42:59","guid":{"rendered":"https:\/\/agesfarouches.fr\/?page_id=10"},"modified":"2025-06-25T09:39:39","modified_gmt":"2025-06-25T07:39:39","slug":"gn-symbaroum","status":"publish","type":"page","link":"https:\/\/agesfarouches.fr\/index.php\/gn-symbaroum\/","title":{"rendered":"GN Symbaroum"},"content":{"rendered":"\n<div class=\"wp-block-group has-accent-background-color has-background\" style=\"margin-top:0;margin-bottom:0;padding-top:var(--wp--preset--spacing--50);padding-right:var(--wp--preset--spacing--50);padding-bottom:var(--wp--preset--spacing--50);padding-left:var(--wp--preset--spacing--50)\"><div class=\"wp-block-group__inner-container is-layout-constrained wp-container-core-group-is-layout-2bafd31c wp-block-group-is-layout-constrained\">\n<h2 class=\"wp-block-heading\"><strong>Pr\u00e9sentation de l&rsquo;univers<\/strong><\/h2>\n\n\n\n<p>Symbaroum est un jeu de r\u00f4le grandeur nature qui vous propose d\u2019incarner un personnage avec une part de myst\u00e8re au sein d\u2019un univers de dark fantasy dont l&rsquo;action est plac\u00e9e en lisi\u00e8re d&rsquo;une for\u00eat sombre et myst\u00e9rieuse.&nbsp;<\/p>\n\n\n\n<p>Sa civilisation doit composer avec les guerres incessantes aux fronti\u00e8res et les Lois de la Nature. Elle se heurte depuis peu \u00e0 l\u2019un des fl\u00e9aux le plus terrible : la Corruption.\u200b<\/p>\n\n\n\n<p>Tous les personnages en jeu sont d\u2019importants acteurs de la soci\u00e9t\u00e9, qu\u2019ils soient nobles ou paysans, et ce quels que soient leurs groupes, familles, guildes et\/ou factions.<\/p>\n\n\n\n<p>Dans votre quotidien, la magie existe : elle est puissante, a un co\u00fbt \u00e9lev\u00e9 et est tr\u00e8s r\u00e9glement\u00e9e.<\/p>\n\n\n\n<h1 class=\"wp-block-heading\"><strong>Les peuples<\/strong><\/h1>\n\n\n\n<h2 class=\"wp-block-heading\"><strong>Les Ambrians<\/strong><\/h2>\n\n\n\n<p>Les <strong>Ambrians <\/strong>se caract\u00e9risent par un sens profond de la spiritualit\u00e9, un go\u00fbt prononc\u00e9 pour le savoir et l\u2019artisanat, ainsi qu\u2019un talent certain sur les champs de bataille. Si la plupart d\u2019entre eux a \u00e9t\u00e9 durement marqu\u00e9e par la <strong>Grande Guerre d\u2019Alb\u00e9r\u00e9tor<\/strong>, ils ont d\u00fb apprendre \u00e0 faire preuve de discipline et d&rsquo;organisation pour survivre, que ce soit sur le plan militaire, administratif ou \u00e9conomique. La guerre a fait d\u2019eux un peuple uni.<\/p>\n\n\n\n<p>L\u2019ambition est un trait de caract\u00e8re particuli\u00e8rement r\u00e9pandu au sein du peuple d\u2019<strong>Ambria<\/strong>. Dur \u00e0 la t\u00e2che, il est toujours pr\u00eat \u00e0 conqu\u00e9rir de nouveaux territoires et \u00e0 s\u2019approprier de nouveaux biens. La nature est consid\u00e9r\u00e9e comme une ressource \u00e0 exploiter, et les richesses qu\u2019elle renferme sont autant de moyens de s\u2019assurer une vie tol\u00e9rable. Ainsi, de nombreux <strong>Ambrians <\/strong>n\u2019h\u00e9sitent pas \u00e0 risquer leur vie \u00e0 la recherche de tr\u00e9sors ou de savoirs oubli\u00e9s.<\/p>\n\n\n\n<h2 class=\"wp-block-heading\"><strong>Les Barbares&nbsp;<\/strong><\/h2>\n\n\n\n<p>C&rsquo;est un peuple organis\u00e9 en clans et consid\u00e9r\u00e9 comme <em>primitif par les ambrians<\/em>. \u00c0 ce jour, 3 clans ont \u00e9t\u00e9 r\u00e9pertori\u00e9s en <strong>Ambria<\/strong> :&nbsp;<\/p>\n\n\n\n<p>-Le clan <strong>Kadizar<\/strong>, d\u00e9couvert lors de l\u2019exil d\u2019<strong>Evig<\/strong>.<\/p>\n\n\n\n<p>Face \u00e0 la force de guerre des <strong>Ambrians<\/strong>, les chefs du clan <strong>Kadizar<\/strong> ont d\u00e9pos\u00e9 les armes au bout de 3 jours, mais certains membres du clan qui r\u00e9sidaient dans les plaines d&rsquo;<strong>Ambria<\/strong> ont poursuivi la riposte jusqu\u2019\u00e0 il y a quelques mois.<br>On peut d\u00e9nombrer 3 raisons expliquant le comportement offensif des <strong>Ambrians<\/strong> :<\/p>\n\n\n\n<ul class=\"wp-block-list\">\n<li>s&#8217;emparer des ressources car le peuple d\u2019<strong>Ambria<\/strong> mourait de faim.&nbsp;<\/li>\n\n\n\n<li>r\u00e9cup\u00e9rer les infrastructures du clan <strong>Kadizar<\/strong>, \u00e0 savoir d&rsquo;anciennes ruines, dans le but de b\u00e2tir la nouvelle capitale, <strong>Yndaros<\/strong>.<\/li>\n\n\n\n<li>employer les barbares comme main d&rsquo;\u0153uvre.<\/li>\n<\/ul>\n\n\n\n<p>-Le clan <strong>J\u00e9zora,<\/strong> d\u00e9couvert gr\u00e2ce \u00e0 l\u2019avant-poste Basile.<\/p>\n\n\n\n<p>Ils sont en guerre ouverte contre nous m\u00eame apr\u00e8s leur cuisante d\u00e9faite.<\/p>\n\n\n\n<p>On peut d\u00e9nombrer 3 raisons expliquant le comportement offensif des <strong>J\u00e9zorien<\/strong>:<\/p>\n\n\n\n<ul class=\"wp-block-list\">\n<li>Ils voulaient la soumission et exploiter notre peuple .<\/li>\n\n\n\n<li>Ils refusent de croire en PRIOS notre dieux \u00e0 tous.<\/li>\n\n\n\n<li>Ils voulaient venger le clan <strong>Kadizar<\/strong>.<\/li>\n<\/ul>\n\n\n\n<p>-Le clan <strong>Oda\u00efova,<\/strong> d\u00e9couvert gr\u00e2ce \u00e0 l\u2019avant-poste Basile.<\/p>\n\n\n\n<p>C\u2019est le clan barbare le plus civilis\u00e9s, nous faisons du commerce avec eux car ils savent ou se trouve de nouvelle plantes jamais vu avant. Ils ont plein d&rsquo;informations \u00e0 vendre. Le plus important, ils ont reconnu la grande puissance d\u2019ambria. Iels ont actuellement un partenariat commercial avec la maison Horfa..<\/p>\n\n\n\n<p>D&rsquo;autres clans barbares vivent dans la for\u00eat de <strong>Davokar <\/strong>mais on trouve tr\u00e8s peu d&rsquo;informations \u00e0 leur sujet. Aucun d&rsquo;eux n&rsquo;est entr\u00e9 en contact avec les <strong>Ambrians <\/strong>\u00e0 ce jour. Des rumeurs pr\u00e9tendent qu&rsquo;ils poss\u00e8dent eux aussi un ordre mystique.<\/p>\n\n\n\n<figure class=\"wp-block-gallery has-nested-images columns-default is-cropped wp-block-gallery-1 is-layout-flex wp-block-gallery-is-layout-flex\">\n<figure class=\"wp-block-image size-large\"><img loading=\"lazy\" decoding=\"async\" width=\"1024\" height=\"683\" data-id=\"209\" src=\"https:\/\/agesfarouches.fr\/wp-content\/uploads\/2025\/06\/IMG_8255-1024x683.jpg\" alt=\"\" class=\"wp-image-209\" srcset=\"https:\/\/agesfarouches.fr\/wp-content\/uploads\/2025\/06\/IMG_8255-1024x683.jpg 1024w, https:\/\/agesfarouches.fr\/wp-content\/uploads\/2025\/06\/IMG_8255-300x200.jpg 300w, https:\/\/agesfarouches.fr\/wp-content\/uploads\/2025\/06\/IMG_8255-768x512.jpg 768w, https:\/\/agesfarouches.fr\/wp-content\/uploads\/2025\/06\/IMG_8255-1536x1024.jpg 1536w, https:\/\/agesfarouches.fr\/wp-content\/uploads\/2025\/06\/IMG_8255-2048x1365.jpg 2048w, https:\/\/agesfarouches.fr\/wp-content\/uploads\/2025\/06\/IMG_8255-930x620.jpg 930w\" sizes=\"auto, (max-width: 1024px) 100vw, 1024px\" \/><\/figure>\n\n\n\n<figure class=\"wp-block-image size-large\"><img loading=\"lazy\" decoding=\"async\" width=\"1024\" height=\"683\" data-id=\"210\" src=\"https:\/\/agesfarouches.fr\/wp-content\/uploads\/2025\/06\/IMG_8229-1024x683.jpg\" alt=\"\" class=\"wp-image-210\" srcset=\"https:\/\/agesfarouches.fr\/wp-content\/uploads\/2025\/06\/IMG_8229-1024x683.jpg 1024w, https:\/\/agesfarouches.fr\/wp-content\/uploads\/2025\/06\/IMG_8229-300x200.jpg 300w, https:\/\/agesfarouches.fr\/wp-content\/uploads\/2025\/06\/IMG_8229-768x512.jpg 768w, https:\/\/agesfarouches.fr\/wp-content\/uploads\/2025\/06\/IMG_8229-1536x1024.jpg 1536w, https:\/\/agesfarouches.fr\/wp-content\/uploads\/2025\/06\/IMG_8229-2048x1365.jpg 2048w, https:\/\/agesfarouches.fr\/wp-content\/uploads\/2025\/06\/IMG_8229-930x620.jpg 930w\" sizes=\"auto, (max-width: 1024px) 100vw, 1024px\" \/><\/figure>\n<\/figure>\n\n\n\n<p><\/p>\n\n\n\n<h2 class=\"wp-block-heading\"><strong>Les Gobelin.es et les Ogre.sses<\/strong><\/h2>\n\n\n\n<p>Ce sont deux nouvelles races humano\u00efdes que les <strong>Ambrians <\/strong>ont d\u00e9couvertes r\u00e9cemment dans la for\u00eat de <strong>Davokar <\/strong>Pour l&rsquo;instant, il n&rsquo;y a que tr\u00e8s peu d&rsquo;informations \u00e0 leur sujet.&nbsp;<\/p>\n\n\n\n<figure class=\"wp-block-image size-large is-resized\"><img loading=\"lazy\" decoding=\"async\" width=\"1024\" height=\"683\" src=\"https:\/\/agesfarouches.fr\/wp-content\/uploads\/2025\/06\/IMG_8244-1024x683.jpg\" alt=\"\" class=\"wp-image-206\" style=\"width:543px;height:auto\" srcset=\"https:\/\/agesfarouches.fr\/wp-content\/uploads\/2025\/06\/IMG_8244-1024x683.jpg 1024w, https:\/\/agesfarouches.fr\/wp-content\/uploads\/2025\/06\/IMG_8244-300x200.jpg 300w, https:\/\/agesfarouches.fr\/wp-content\/uploads\/2025\/06\/IMG_8244-768x512.jpg 768w, https:\/\/agesfarouches.fr\/wp-content\/uploads\/2025\/06\/IMG_8244-1536x1024.jpg 1536w, https:\/\/agesfarouches.fr\/wp-content\/uploads\/2025\/06\/IMG_8244-2048x1365.jpg 2048w, https:\/\/agesfarouches.fr\/wp-content\/uploads\/2025\/06\/IMG_8244-930x620.jpg 930w\" sizes=\"auto, (max-width: 1024px) 100vw, 1024px\" \/><\/figure>\n\n\n\n<p><\/p>\n\n\n\n<h2 class=\"wp-block-heading\"><strong>Les Morts.es-Vivants.es<\/strong><\/h2>\n\n\n\n<p>Ce sont des \u00eatres qui font d\u00e9bat et qui manifestent la plus grande peur.&nbsp;<\/p>\n\n\n\n<p>Tous les membres de l\u2019\u00e9glise veulent les tuer au nom de leur dieux PROIS.<\/p>\n\n\n\n<p>Tous les barbares veulent qu\u2019ils reposent enfin en paix et souhaitent qu\u2019ils reviennent dans leur tombe ou en font de nouvelle pour eux.<\/p>\n\n\n\n<p>Tous les v\u00e9t\u00e9rans de la grande guerre ne veulent que leur mort sans le moindre proc\u00e8s.<\/p>\n\n\n\n<p>Mais certains personnes trouve utile d\u2019utiliser uniquement les <a href=\"http:\/\/mort.es-vivivant.es\">mort.es-vivivant.es<\/a> conscience pour faire le tache car c\u2019est une personne qui doit cacher son statut de tous.<\/p>\n\n\n\n<figure class=\"wp-block-image size-large is-resized\"><img loading=\"lazy\" decoding=\"async\" width=\"831\" height=\"1024\" src=\"https:\/\/agesfarouches.fr\/wp-content\/uploads\/2025\/06\/IMG_7790-831x1024.jpg\" alt=\"\" class=\"wp-image-208\" style=\"width:474px;height:auto\" srcset=\"https:\/\/agesfarouches.fr\/wp-content\/uploads\/2025\/06\/IMG_7790-831x1024.jpg 831w, https:\/\/agesfarouches.fr\/wp-content\/uploads\/2025\/06\/IMG_7790-243x300.jpg 243w, https:\/\/agesfarouches.fr\/wp-content\/uploads\/2025\/06\/IMG_7790-768x947.jpg 768w, https:\/\/agesfarouches.fr\/wp-content\/uploads\/2025\/06\/IMG_7790-1246x1536.jpg 1246w, https:\/\/agesfarouches.fr\/wp-content\/uploads\/2025\/06\/IMG_7790.jpg 1480w\" sizes=\"auto, (max-width: 831px) 100vw, 831px\" \/><\/figure>\n\n\n\n<p><\/p>\n\n\n\n<h1 class=\"wp-block-heading\"><strong>Les factions<\/strong><\/h1>\n\n\n\n<h2 class=\"wp-block-heading\"><strong>L\u2019\u00c9glise&nbsp;<\/strong><\/h2>\n\n\n\n<p>Le peuple d\u2019<strong>Ambria<\/strong> v\u00e9n\u00e8re le dieu unique <strong>Prios<\/strong>, qui a permis de remporter la guerre et de sauver les \u00e2mes des d\u00e9funts. Il pense que ce dernier pourrait les aider dans les \u00e9preuves de leur vie quotidienne. PRIOS est le dieu de la lumi\u00e8re qui purifie les t\u00e9n\u00e8bres.<\/p>\n\n\n\n<p>L&rsquo;\u00c9glise comporte \u00e0 son sommet le <strong>Premier P\u00e8re<\/strong> qui est \u00e9lu \u00e0 vie par <strong>la Curie<\/strong>, le corps dirigeant de l\u2019\u00c9glise. La Curie se compose de 3 ordres :<\/p>\n\n\n\n<h3 class=\"wp-block-heading\"><strong>Le Clerg\u00e9<\/strong><\/h3>\n\n\n\n<p>Il est l&rsquo;oreille compatissante de l\u2019\u00e9glise. Il est charg\u00e9 d\u2019interpr\u00e9ter les commandements de <strong>Prios <\/strong>et de s\u2019occuper de ses temples. Il est compos\u00e9 de 2 corps :<\/p>\n\n\n\n<ul class=\"wp-block-list\">\n<li>Les<strong> Th\u00e9urges<\/strong>, pr\u00eatre.sses dou\u00e9.es de pouvoirs mystiques. Iels sont aptes \u00e0 faire jaillir un pouvoir extraordinaire gr\u00e2ce \u00e0 leurs pri\u00e8res envers <strong>Prios<\/strong>. Leurs connaissances mystiques auraient \u00e9t\u00e9 vides de sens et dangereuses sans les fondements de leur foi pour les guider et cela peut \u00eatre observ\u00e9 lorsque des mystiques apostat.es usent de leurs pouvoirs.<\/li>\n\n\n\n<li>Les <strong>Liturges<\/strong>, des pr\u00eatre;sses n\u2019ayant pas re\u00e7u le don divin de la th\u00e9urgie, iels ne sont pas dou\u00e9.es de pouvoirs mystiques.<\/li>\n<\/ul>\n\n\n\n<figure class=\"wp-block-gallery has-nested-images columns-default is-cropped wp-block-gallery-2 is-layout-flex wp-block-gallery-is-layout-flex\">\n<figure class=\"wp-block-image size-full\"><img loading=\"lazy\" decoding=\"async\" width=\"636\" height=\"960\" data-id=\"204\" src=\"https:\/\/agesfarouches.fr\/wp-content\/uploads\/2025\/06\/480904924_953213616961731_2378741669900597993_n.jpg\" alt=\"\" class=\"wp-image-204\" srcset=\"https:\/\/agesfarouches.fr\/wp-content\/uploads\/2025\/06\/480904924_953213616961731_2378741669900597993_n.jpg 636w, https:\/\/agesfarouches.fr\/wp-content\/uploads\/2025\/06\/480904924_953213616961731_2378741669900597993_n-199x300.jpg 199w\" sizes=\"auto, (max-width: 636px) 100vw, 636px\" \/><\/figure>\n\n\n\n<figure class=\"wp-block-image size-full\"><img loading=\"lazy\" decoding=\"async\" width=\"960\" height=\"878\" data-id=\"203\" src=\"https:\/\/agesfarouches.fr\/wp-content\/uploads\/2025\/06\/481447544_953213223628437_100658934613556048_n.jpg\" alt=\"\" class=\"wp-image-203\" srcset=\"https:\/\/agesfarouches.fr\/wp-content\/uploads\/2025\/06\/481447544_953213223628437_100658934613556048_n.jpg 960w, https:\/\/agesfarouches.fr\/wp-content\/uploads\/2025\/06\/481447544_953213223628437_100658934613556048_n-300x274.jpg 300w, https:\/\/agesfarouches.fr\/wp-content\/uploads\/2025\/06\/481447544_953213223628437_100658934613556048_n-768x702.jpg 768w\" sizes=\"auto, (max-width: 960px) 100vw, 960px\" \/><\/figure>\n<\/figure>\n\n\n\n<p><\/p>\n\n\n\n<h3 class=\"wp-block-heading\"><strong>Les Templiers&nbsp;<\/strong><\/h3>\n\n\n\n<p>Iels sont le bras arm\u00e9 de l\u2019\u00c9glise. Ces combattant.es aguerri.es et bien \u00e9quip\u00e9.es, sont toustes issu.es de familles nobles ; de plus, ce sont toustes des <strong>Th\u00e9urges<\/strong>. Iels sont toustes asserment\u00e9.es et ne mentent jamais.<\/p>\n\n\n\n<figure class=\"wp-block-image size-large is-resized\"><img loading=\"lazy\" decoding=\"async\" width=\"679\" height=\"1024\" src=\"https:\/\/agesfarouches.fr\/wp-content\/uploads\/2025\/06\/480883545_953792423570517_6148584953887557912_n-679x1024.jpg\" alt=\"\" class=\"wp-image-202\" style=\"width:410px;height:auto\" srcset=\"https:\/\/agesfarouches.fr\/wp-content\/uploads\/2025\/06\/480883545_953792423570517_6148584953887557912_n-679x1024.jpg 679w, https:\/\/agesfarouches.fr\/wp-content\/uploads\/2025\/06\/480883545_953792423570517_6148584953887557912_n-199x300.jpg 199w, https:\/\/agesfarouches.fr\/wp-content\/uploads\/2025\/06\/480883545_953792423570517_6148584953887557912_n-768x1159.jpg 768w, https:\/\/agesfarouches.fr\/wp-content\/uploads\/2025\/06\/480883545_953792423570517_6148584953887557912_n-1018x1536.jpg 1018w, https:\/\/agesfarouches.fr\/wp-content\/uploads\/2025\/06\/480883545_953792423570517_6148584953887557912_n.jpg 1357w\" sizes=\"auto, (max-width: 679px) 100vw, 679px\" \/><\/figure>\n\n\n\n<h3 class=\"wp-block-heading\"><strong>Les Fr\u00e8res du cr\u00e9puscule&nbsp;<\/strong><\/h3>\n\n\n\n<p>Ils sont les yeux de l&rsquo;\u00c9glise. Ils prot\u00e8gent le bon peuple des h\u00e9r\u00e9tiques, de la corruption et de toute menace interne. Tout le monde les surnomme les <strong>Manteaux Noirs<\/strong> \u00e0 cause des cendres qui se d\u00e9posent sur leur cape apr\u00e8s avoir mis un malfaisant au b\u00fbcher.<\/p>\n\n\n\n<h2 class=\"wp-block-heading\"><strong>L\u2019Ordo Magica<\/strong><\/h2>\n\n\n\n<p>L\u2019organisation dirig\u00e9e par <strong>le Grand Ma\u00eetre Seldonio<\/strong> poss\u00e8de des Chapitres. Chacun d\u2019entre eux est dirig\u00e9 par un.e <strong>Ma\u00eetre.sse de Chapitre<\/strong>. Ces derniers sont des experts dans leurs domaines respectifs tels que la <strong>Botanique, l\u2019Alchimie ou la Magie<\/strong>, et sont assist\u00e9s par un certain nombre de novices et d\u2019adeptes.<\/p>\n\n\n\n<p>La principale motivation de l\u2019<strong>Ordo Magica<\/strong> est la curiosit\u00e9 : ses membres recherchent la connaissance pour la connaissance en elle-m\u00eame. \u00c0 leurs yeux, c\u2019est la philosophie, et non la spiritualit\u00e9, qui permet d\u2019appr\u00e9hender le monde tel qu\u2019il est r\u00e9ellement. Voil\u00e0 pourquoi les membres de l\u2019<strong>Ordo Magica<\/strong> s\u2019en remettent davantage \u00e0 l\u2019exp\u00e9rience et aux preuves concr\u00e8tes plut\u00f4t qu\u2019\u00e0 la foi \u2013 ce qui les met tr\u00e8s souvent en conflit avec les <strong>Th\u00e9urges<\/strong>.<\/p>\n\n\n\n<p>Toutefois, cette recherche obsessionnelle de connaissances ne signifie pas pour autant que l\u2019ordre est compl\u00e8tement coup\u00e9 du reste de la civilisation. <strong>Seldonio <\/strong>est pleinement conscient qu\u2019il est parfois n\u00e9cessaire de faire appel \u00e0 une aide ext\u00e9rieure.&nbsp;<\/p>\n\n\n\n<p>Les membres de l\u2019<strong>Ordo Magica<\/strong> ont par exemple besoin de la b\u00e9n\u00e9diction de la famille royale pour avoir certaines autorisations, de l\u2019argent des nobles pour se financer et de l\u2019arm\u00e9e ou de mercenaires pour assurer leur s\u00e9curit\u00e9. De plus, ils n\u2019h\u00e9sitent pas \u00e0 tirer profit de leurs d\u00e9couvertes et de leurs connaissances.<\/p>\n\n\n\n<p>Leurs pouvoirs mystiques sont un prolongement des lois fondamentales du monde, lois \u00e9tudi\u00e9es avec application et utilis\u00e9es \u00e0 des fins grandioses et spectaculaires.<\/p>\n\n\n\n<figure class=\"wp-block-gallery has-nested-images columns-default is-cropped wp-block-gallery-3 is-layout-flex wp-block-gallery-is-layout-flex\">\n<figure class=\"wp-block-image size-full\"><img loading=\"lazy\" decoding=\"async\" width=\"401\" height=\"613\" data-id=\"200\" src=\"https:\/\/agesfarouches.fr\/wp-content\/uploads\/2025\/06\/481168882_953216796961413_4820318795643725129_n.jpg\" alt=\"\" class=\"wp-image-200\" srcset=\"https:\/\/agesfarouches.fr\/wp-content\/uploads\/2025\/06\/481168882_953216796961413_4820318795643725129_n.jpg 401w, https:\/\/agesfarouches.fr\/wp-content\/uploads\/2025\/06\/481168882_953216796961413_4820318795643725129_n-196x300.jpg 196w\" sizes=\"auto, (max-width: 401px) 100vw, 401px\" \/><\/figure>\n\n\n\n<figure class=\"wp-block-image size-full\"><img loading=\"lazy\" decoding=\"async\" width=\"798\" height=\"545\" data-id=\"201\" src=\"https:\/\/agesfarouches.fr\/wp-content\/uploads\/2025\/06\/481220789_953216940294732_3401408814008233240_n.jpg\" alt=\"\" class=\"wp-image-201\" srcset=\"https:\/\/agesfarouches.fr\/wp-content\/uploads\/2025\/06\/481220789_953216940294732_3401408814008233240_n.jpg 798w, https:\/\/agesfarouches.fr\/wp-content\/uploads\/2025\/06\/481220789_953216940294732_3401408814008233240_n-300x205.jpg 300w, https:\/\/agesfarouches.fr\/wp-content\/uploads\/2025\/06\/481220789_953216940294732_3401408814008233240_n-768x525.jpg 768w\" sizes=\"auto, (max-width: 798px) 100vw, 798px\" \/><\/figure>\n<\/figure>\n\n\n\n<p><\/p>\n\n\n\n<h2 class=\"wp-block-heading\"><strong>L\u2019Arm\u00e9e de la Reine<\/strong><\/h2>\n\n\n\n<p>Si la <strong>reine Korinthia <\/strong>est la commandante en chef des arm\u00e9es, la plupart des op\u00e9rations militaires sont en r\u00e9alit\u00e9 supervis\u00e9es par le v\u00e9n\u00e9rable conn\u00e9table <strong>B\u00e9r\u00e9mo d\u2019H\u00e9rengol<\/strong>. L\u2019arm\u00e9e se compose de six divisions, dont les soldes et l\u2019\u00e9quipement sont fournis par les duch\u00e9s, et d\u2019une septi\u00e8me rattach\u00e9e au service direct de la reine. Chaque division est compos\u00e9e d\u2019unit\u00e9s d\u2019infanterie, de cavalerie, d\u2019archers et de ravitaillement.<\/p>\n\n\n\n<p>L\u2019arm\u00e9e comprend \u00e9galement les <strong>Patrouilleurs<\/strong>. Ils<strong> <\/strong>constituent un corps \u00e0 part de l\u2019arm\u00e9e, et ils interviennent pour l\u2019essentiel lors de missions de renseignement et de reconnaissance dans la for\u00eat de <strong>Davokar<\/strong>.<\/p>\n\n\n\n<figure class=\"wp-block-image size-large\"><img loading=\"lazy\" decoding=\"async\" width=\"1024\" height=\"678\" src=\"https:\/\/agesfarouches.fr\/wp-content\/uploads\/2025\/06\/481188795_955185493431210_2480686096721749029_n-1024x678.jpg\" alt=\"\" class=\"wp-image-199\" srcset=\"https:\/\/agesfarouches.fr\/wp-content\/uploads\/2025\/06\/481188795_955185493431210_2480686096721749029_n-1024x678.jpg 1024w, https:\/\/agesfarouches.fr\/wp-content\/uploads\/2025\/06\/481188795_955185493431210_2480686096721749029_n-300x199.jpg 300w, https:\/\/agesfarouches.fr\/wp-content\/uploads\/2025\/06\/481188795_955185493431210_2480686096721749029_n-768x509.jpg 768w, https:\/\/agesfarouches.fr\/wp-content\/uploads\/2025\/06\/481188795_955185493431210_2480686096721749029_n-1536x1017.jpg 1536w, https:\/\/agesfarouches.fr\/wp-content\/uploads\/2025\/06\/481188795_955185493431210_2480686096721749029_n.jpg 2048w\" sizes=\"auto, (max-width: 1024px) 100vw, 1024px\" \/><\/figure>\n\n\n\n<p><\/p>\n\n\n\n<h1 class=\"wp-block-heading\"><strong>Les Maisons nobles<\/strong><\/h1>\n\n\n\n<p>La soci\u00e9t\u00e9 ambrienne, est une soci\u00e9t\u00e9 hi\u00e9rarchis\u00e9e, gouvern\u00e9e depuis des si\u00e8cles au gr\u00e9 de ses \u00e9volutions par une assembl\u00e9e de familles nobles appel\u00e9es \u00ab <strong>Maisons <\/strong>\u00bb. Les postes attribu\u00e9s aux divers repr\u00e9sentants de ces maisons d\u00e9pendent de la position que la famille occupe dans l\u2019ordre de succession.<\/p>\n\n\n\n<p>Le royaume d\u2019<strong>Ambria <\/strong>est actuellement gouvern\u00e9 par la <strong>reine Korinthia <\/strong>, de la <strong>maison Kohinoor<\/strong>. Il est divis\u00e9 en plusieurs <strong>duch\u00e9s<\/strong>, eux-m\u00eames divis\u00e9s en domaines plus ou moins \u00e9tendus, appel\u00e9s <strong>comt\u00e9s<\/strong> ou <strong>baronnies<\/strong> selon leur taille. Officiellement, il revient \u00e0 la famille royale de nommer les <strong>Ducs<\/strong>, qui \u00e0 leur tour doivent d\u00e9signer les <strong>Comtes<\/strong> et les <strong>Barons<\/strong> charg\u00e9s d\u2019administrer les terres et les sujets. N\u00e9anmoins, il peut arriver que ces conventions ne soient pas respect\u00e9es. Ainsi la famille royale peut, si elle le souhaite, accorder \u00e0 la personne de son choix le titre de <strong>Prince ou Princesse du Royaume<\/strong>, titre qui conf\u00e8re les pr\u00e9rogatives d\u2019un <strong>Duch\u00e9<\/strong>.<\/p>\n\n\n\n<figure class=\"wp-block-image size-full\"><img loading=\"lazy\" decoding=\"async\" width=\"737\" height=\"492\" src=\"https:\/\/agesfarouches.fr\/wp-content\/uploads\/2025\/06\/481192096_953216626961430_1757514599345933381_n.jpg\" alt=\"\" class=\"wp-image-197\" srcset=\"https:\/\/agesfarouches.fr\/wp-content\/uploads\/2025\/06\/481192096_953216626961430_1757514599345933381_n.jpg 737w, https:\/\/agesfarouches.fr\/wp-content\/uploads\/2025\/06\/481192096_953216626961430_1757514599345933381_n-300x200.jpg 300w\" sizes=\"auto, (max-width: 737px) 100vw, 737px\" \/><\/figure>\n\n\n\n<p><\/p>\n<\/div><\/div>\n\n\n\n<p><\/p>\n","protected":false},"excerpt":{"rendered":"<p>Pr\u00e9sentation de l&rsquo;univers Symbaroum est un jeu de r\u00f4le grandeur nature qui vous propose d\u2019incarner un personnage avec une part de myst\u00e8re au sein d\u2019un univers de dark fantasy dont l&rsquo;action est plac\u00e9e en lisi\u00e8re d&rsquo;une for\u00eat sombre et myst\u00e9rieuse.&nbsp; Sa civilisation doit composer avec les guerres incessantes aux fronti\u00e8res et les Lois de la&hellip;&nbsp;<a href=\"https:\/\/agesfarouches.fr\/index.php\/gn-symbaroum\/\" rel=\"bookmark\">Lire la suite &raquo;<span class=\"screen-reader-text\">GN Symbaroum<\/span><\/a><\/p>\n","protected":false},"author":1,"featured_media":0,"parent":0,"menu_order":0,"comment_status":"closed","ping_status":"closed","template":"","meta":{"neve_meta_sidebar":"","neve_meta_container":"","neve_meta_enable_content_width":"","neve_meta_content_width":0,"neve_meta_title_alignment":"","neve_meta_author_avatar":"","neve_post_elements_order":"","neve_meta_disable_header":"","neve_meta_disable_footer":"","neve_meta_disable_title":"","footnotes":""},"class_list":["post-10","page","type-page","status-publish","hentry"],"_links":{"self":[{"href":"https:\/\/agesfarouches.fr\/index.php\/wp-json\/wp\/v2\/pages\/10","targetHints":{"allow":["GET"]}}],"collection":[{"href":"https:\/\/agesfarouches.fr\/index.php\/wp-json\/wp\/v2\/pages"}],"about":[{"href":"https:\/\/agesfarouches.fr\/index.php\/wp-json\/wp\/v2\/types\/page"}],"author":[{"embeddable":true,"href":"https:\/\/agesfarouches.fr\/index.php\/wp-json\/wp\/v2\/users\/1"}],"replies":[{"embeddable":true,"href":"https:\/\/agesfarouches.fr\/index.php\/wp-json\/wp\/v2\/comments?post=10"}],"version-history":[{"count":9,"href":"https:\/\/agesfarouches.fr\/index.php\/wp-json\/wp\/v2\/pages\/10\/revisions"}],"predecessor-version":[{"id":234,"href":"https:\/\/agesfarouches.fr\/index.php\/wp-json\/wp\/v2\/pages\/10\/revisions\/234"}],"wp:attachment":[{"href":"https:\/\/agesfarouches.fr\/index.php\/wp-json\/wp\/v2\/media?parent=10"}],"curies":[{"name":"wp","href":"https:\/\/api.w.org\/{rel}","templated":true}]}}