{"id":103,"date":"2025-02-25T11:50:06","date_gmt":"2025-02-25T10:50:06","guid":{"rendered":"https:\/\/agesfarouches.fr\/?page_id=103"},"modified":"2025-06-27T09:31:49","modified_gmt":"2025-06-27T07:31:49","slug":"grandeurs-nature-et-murder-parties","status":"publish","type":"page","link":"https:\/\/agesfarouches.fr\/index.php\/grandeurs-nature-et-murder-parties\/","title":{"rendered":"Grandeurs Nature et Murder Parties"},"content":{"rendered":"\n<p>Voici la liste actuel de nos activit\u00e9 pr\u00e9c\u00e9dante :<\/p>\n\n\n\n<div class=\"wp-block-group is-nowrap is-layout-flex wp-container-core-group-is-layout-ad2f72ca wp-block-group-is-layout-flex\">\n<figure class=\"wp-block-image size-large\"><a href=\"https:\/\/agesfarouches.fr\/index.php\/chapitre-3-leveil-du-basilik\/\"><img loading=\"lazy\" decoding=\"async\" width=\"1024\" height=\"858\" src=\"https:\/\/agesfarouches.fr\/wp-content\/uploads\/2025\/06\/image-1-1024x858.png\" alt=\"\" class=\"wp-image-241\" srcset=\"https:\/\/agesfarouches.fr\/wp-content\/uploads\/2025\/06\/image-1-1024x858.png 1024w, https:\/\/agesfarouches.fr\/wp-content\/uploads\/2025\/06\/image-1-300x252.png 300w, https:\/\/agesfarouches.fr\/wp-content\/uploads\/2025\/06\/image-1-768x644.png 768w, https:\/\/agesfarouches.fr\/wp-content\/uploads\/2025\/06\/image-1.png 1058w\" sizes=\"auto, (max-width: 1024px) 100vw, 1024px\" \/><\/a><\/figure>\n\n\n\n<figure class=\"wp-block-image size-full\"><a href=\"https:\/\/agesfarouches.fr\/index.php\/chapitre-2\/\"><img loading=\"lazy\" decoding=\"async\" width=\"940\" height=\"788\" src=\"https:\/\/agesfarouches.fr\/wp-content\/uploads\/2025\/06\/408221167_675405764742519_1936183786648253005_n-1.jpg\" alt=\"\" class=\"wp-image-189\" srcset=\"https:\/\/agesfarouches.fr\/wp-content\/uploads\/2025\/06\/408221167_675405764742519_1936183786648253005_n-1.jpg 940w, https:\/\/agesfarouches.fr\/wp-content\/uploads\/2025\/06\/408221167_675405764742519_1936183786648253005_n-1-300x251.jpg 300w, https:\/\/agesfarouches.fr\/wp-content\/uploads\/2025\/06\/408221167_675405764742519_1936183786648253005_n-1-768x644.jpg 768w\" sizes=\"auto, (max-width: 940px) 100vw, 940px\" \/><\/a><\/figure>\n\n\n\n<figure class=\"wp-block-image size-full\"><a href=\"https:\/\/agesfarouches.fr\/index.php\/chapitre-1-evig-la-cite-millenaire\/\" target=\"_blank\" rel=\"https:\/\/agesfarouches.fr\/index.php\/chapitre-1-evig-la-cite-millenaire\/ noreferrer noopener\"><img loading=\"lazy\" decoding=\"async\" width=\"940\" height=\"788\" src=\"https:\/\/agesfarouches.fr\/wp-content\/uploads\/2024\/02\/SYMBAROUM_CHAP1.png\" alt=\"\" class=\"wp-image-47\" srcset=\"https:\/\/agesfarouches.fr\/wp-content\/uploads\/2024\/02\/SYMBAROUM_CHAP1.png 940w, https:\/\/agesfarouches.fr\/wp-content\/uploads\/2024\/02\/SYMBAROUM_CHAP1-300x251.png 300w, https:\/\/agesfarouches.fr\/wp-content\/uploads\/2024\/02\/SYMBAROUM_CHAP1-768x644.png 768w\" sizes=\"auto, (max-width: 940px) 100vw, 940px\" \/><\/a><\/figure>\n\n\n\n<h2 class=\"wp-block-heading\"><\/h2>\n<\/div>\n\n\n\n<div class=\"wp-block-group is-nowrap is-layout-flex wp-container-core-group-is-layout-ad2f72ca wp-block-group-is-layout-flex\">\n<h2 class=\"wp-block-heading\"><\/h2>\n<\/div>\n\n\n<a class=\"wp-block-read-more\" href=\"https:\/\/agesfarouches.fr\/index.php\/grandeurs-nature-et-murder-parties\/\" target=\"_self\">Lire la suite<span class=\"screen-reader-text\">\u00a0: Grandeurs Nature et Murder Parties<\/span><\/a>","protected":false},"excerpt":{"rendered":"<p>Voici la liste actuel de nos activit\u00e9 pr\u00e9c\u00e9dante :<\/p>\n","protected":false},"author":1,"featured_media":0,"parent":0,"menu_order":0,"comment_status":"closed","ping_status":"closed","template":"","meta":{"neve_meta_sidebar":"left","neve_meta_container":"","neve_meta_enable_content_width":"","neve_meta_content_width":70,"neve_meta_title_alignment":"","neve_meta_author_avatar":"","neve_post_elements_order":"","neve_meta_disable_header":"","neve_meta_disable_footer":"","neve_meta_disable_title":"","footnotes":""},"class_list":["post-103","page","type-page","status-publish","hentry"],"_links":{"self":[{"href":"https:\/\/agesfarouches.fr\/index.php\/wp-json\/wp\/v2\/pages\/103","targetHints":{"allow":["GET"]}}],"collection":[{"href":"https:\/\/agesfarouches.fr\/index.php\/wp-json\/wp\/v2\/pages"}],"about":[{"href":"https:\/\/agesfarouches.fr\/index.php\/wp-json\/wp\/v2\/types\/page"}],"author":[{"embeddable":true,"href":"https:\/\/agesfarouches.fr\/index.php\/wp-json\/wp\/v2\/users\/1"}],"replies":[{"embeddable":true,"href":"https:\/\/agesfarouches.fr\/index.php\/wp-json\/wp\/v2\/comments?post=103"}],"version-history":[{"count":9,"href":"https:\/\/agesfarouches.fr\/index.php\/wp-json\/wp\/v2\/pages\/103\/revisions"}],"predecessor-version":[{"id":245,"href":"https:\/\/agesfarouches.fr\/index.php\/wp-json\/wp\/v2\/pages\/103\/revisions\/245"}],"wp:attachment":[{"href":"https:\/\/agesfarouches.fr\/index.php\/wp-json\/wp\/v2\/media?parent=103"}],"curies":[{"name":"wp","href":"https:\/\/api.w.org\/{rel}","templated":true}]}}