{"id":19,"date":"2024-02-12T11:33:36","date_gmt":"2024-02-12T10:33:36","guid":{"rendered":"https:\/\/agesfarouches.fr\/?page_id=19"},"modified":"2026-02-01T23:04:42","modified_gmt":"2026-02-01T22:04:42","slug":"lassociation","status":"publish","type":"page","link":"https:\/\/agesfarouches.fr\/index.php\/lassociation\/","title":{"rendered":"L&rsquo;association"},"content":{"rendered":"\n<div class=\"wp-block-group alignfull\" style=\"margin-top:0;margin-bottom:0;padding-top:var(--wp--preset--spacing--50);padding-right:var(--wp--preset--spacing--50);padding-bottom:var(--wp--preset--spacing--50);padding-left:var(--wp--preset--spacing--50)\"><div class=\"wp-block-group__inner-container is-layout-constrained wp-container-core-group-is-layout-2bafd31c wp-block-group-is-layout-constrained\">\n<div class=\"wp-block-group is-vertical is-content-justification-center is-layout-flex wp-container-core-group-is-layout-4b2eccd6 wp-block-group-is-layout-flex\">\n<h2 class=\"wp-block-heading has-text-align-center has-xx-large-font-size\">Pr\u00e9sentation du bureau de l&rsquo;association<\/h2>\n<\/div>\n\n\n\n<div style=\"height:var(--wp--preset--spacing--30)\" aria-hidden=\"true\" class=\"wp-block-spacer\"><\/div>\n\n\n\n<div class=\"wp-block-columns alignwide is-layout-flex wp-container-core-columns-is-layout-d8280152 wp-block-columns-is-layout-flex\" style=\"padding-right:0;padding-left:0\">\n<div class=\"wp-block-column is-layout-flow wp-block-column-is-layout-flow\">\n<figure class=\"wp-block-image size-full is-style-rounded\"><img loading=\"lazy\" decoding=\"async\" width=\"653\" height=\"566\" src=\"https:\/\/agesfarouches.fr\/wp-content\/uploads\/2024\/02\/photo_meme.png\" alt=\"\" class=\"wp-image-15\" style=\"aspect-ratio:1;object-fit:cover\" srcset=\"https:\/\/agesfarouches.fr\/wp-content\/uploads\/2024\/02\/photo_meme.png 653w, https:\/\/agesfarouches.fr\/wp-content\/uploads\/2024\/02\/photo_meme-300x260.png 300w\" sizes=\"auto, (max-width: 653px) 100vw, 653px\" \/><\/figure>\n\n\n\n<div class=\"wp-block-group is-vertical is-content-justification-center is-nowrap is-layout-flex wp-container-core-group-is-layout-d7ec9006 wp-block-group-is-layout-flex\">\n<p class=\"has-text-align-center has-medium-font-size\"><strong>Pr\u00e9sidente<\/strong><\/p>\n\n\n\n<p class=\"has-text-align-center has-small-font-size\">Meriem <\/p>\n\n\n\n<p class=\"has-small-font-size\">Alias M\u00e9m\u00e9 sur discord<\/p>\n<\/div>\n<\/div>\n\n\n\n<div class=\"wp-block-column is-layout-flow wp-block-column-is-layout-flow\">\n<figure class=\"wp-block-image size-full is-style-rounded\"><img loading=\"lazy\" decoding=\"async\" width=\"1274\" height=\"1638\" src=\"https:\/\/agesfarouches.fr\/wp-content\/uploads\/2024\/02\/photo_yann.jpg\" alt=\"\" class=\"wp-image-16\" style=\"aspect-ratio:1;object-fit:cover\" srcset=\"https:\/\/agesfarouches.fr\/wp-content\/uploads\/2024\/02\/photo_yann.jpg 1274w, https:\/\/agesfarouches.fr\/wp-content\/uploads\/2024\/02\/photo_yann-233x300.jpg 233w, https:\/\/agesfarouches.fr\/wp-content\/uploads\/2024\/02\/photo_yann-796x1024.jpg 796w, https:\/\/agesfarouches.fr\/wp-content\/uploads\/2024\/02\/photo_yann-768x987.jpg 768w, https:\/\/agesfarouches.fr\/wp-content\/uploads\/2024\/02\/photo_yann-1195x1536.jpg 1195w\" sizes=\"auto, (max-width: 1274px) 100vw, 1274px\" \/><\/figure>\n\n\n\n<div class=\"wp-block-group is-vertical is-content-justification-center is-nowrap is-layout-flex wp-container-core-group-is-layout-8aeacad7 wp-block-group-is-layout-flex\">\n<p class=\"has-text-align-center has-medium-font-size\"><strong>Tr\u00e9sorier<\/strong><\/p>\n\n\n\n<p class=\"has-text-align-center has-small-font-size\">Yann <\/p>\n\n\n\n<p class=\"has-small-font-size\"><\/p>\n<\/div>\n<\/div>\n\n\n\n<div class=\"wp-block-column is-layout-flow wp-block-column-is-layout-flow\">\n<figure class=\"wp-block-image size-full is-style-rounded\"><img loading=\"lazy\" decoding=\"async\" width=\"1251\" height=\"1145\" src=\"https:\/\/agesfarouches.fr\/wp-content\/uploads\/2025\/04\/christopher.png\" alt=\"\" class=\"wp-image-149\" style=\"aspect-ratio:1;object-fit:cover\" srcset=\"https:\/\/agesfarouches.fr\/wp-content\/uploads\/2025\/04\/christopher.png 1251w, https:\/\/agesfarouches.fr\/wp-content\/uploads\/2025\/04\/christopher-300x275.png 300w, https:\/\/agesfarouches.fr\/wp-content\/uploads\/2025\/04\/christopher-1024x937.png 1024w, https:\/\/agesfarouches.fr\/wp-content\/uploads\/2025\/04\/christopher-768x703.png 768w\" sizes=\"auto, (max-width: 1251px) 100vw, 1251px\" \/><\/figure>\n\n\n\n<div class=\"wp-block-group is-vertical is-content-justification-center is-nowrap is-layout-flex wp-container-core-group-is-layout-8aeacad7 wp-block-group-is-layout-flex\">\n<p class=\"has-text-align-center has-medium-font-size\"><strong>secr\u00e9taire<\/strong><\/p>\n\n\n\n<p class=\"has-text-align-center has-small-font-size\">Christopher <\/p>\n\n\n\n<p class=\"has-small-font-size\"><\/p>\n<\/div>\n<\/div>\n<\/div>\n<\/div><\/div>\n\n\n\n<p><\/p>\n","protected":false},"excerpt":{"rendered":"<p>Pr\u00e9sentation du bureau de l&rsquo;association Pr\u00e9sidente Meriem Alias M\u00e9m\u00e9 sur discord Tr\u00e9sorier Yann secr\u00e9taire Christopher<\/p>\n","protected":false},"author":1,"featured_media":0,"parent":0,"menu_order":0,"comment_status":"closed","ping_status":"closed","template":"","meta":{"neve_meta_sidebar":"","neve_meta_container":"","neve_meta_enable_content_width":"","neve_meta_content_width":0,"neve_meta_title_alignment":"","neve_meta_author_avatar":"","neve_post_elements_order":"","neve_meta_disable_header":"","neve_meta_disable_footer":"","neve_meta_disable_title":"","footnotes":""},"class_list":["post-19","page","type-page","status-publish","hentry"],"_links":{"self":[{"href":"https:\/\/agesfarouches.fr\/index.php\/wp-json\/wp\/v2\/pages\/19","targetHints":{"allow":["GET"]}}],"collection":[{"href":"https:\/\/agesfarouches.fr\/index.php\/wp-json\/wp\/v2\/pages"}],"about":[{"href":"https:\/\/agesfarouches.fr\/index.php\/wp-json\/wp\/v2\/types\/page"}],"author":[{"embeddable":true,"href":"https:\/\/agesfarouches.fr\/index.php\/wp-json\/wp\/v2\/users\/1"}],"replies":[{"embeddable":true,"href":"https:\/\/agesfarouches.fr\/index.php\/wp-json\/wp\/v2\/comments?post=19"}],"version-history":[{"count":8,"href":"https:\/\/agesfarouches.fr\/index.php\/wp-json\/wp\/v2\/pages\/19\/revisions"}],"predecessor-version":[{"id":253,"href":"https:\/\/agesfarouches.fr\/index.php\/wp-json\/wp\/v2\/pages\/19\/revisions\/253"}],"wp:attachment":[{"href":"https:\/\/agesfarouches.fr\/index.php\/wp-json\/wp\/v2\/media?parent=19"}],"curies":[{"name":"wp","href":"https:\/\/api.w.org\/{rel}","templated":true}]}}