{"id":23,"date":"2024-02-12T13:00:45","date_gmt":"2024-02-12T12:00:45","guid":{"rendered":"https:\/\/agesfarouches.fr\/?page_id=23"},"modified":"2025-06-24T16:30:03","modified_gmt":"2025-06-24T14:30:03","slug":"chapitre-1-evig-la-cite-millenaire","status":"publish","type":"page","link":"https:\/\/agesfarouches.fr\/index.php\/chapitre-1-evig-la-cite-millenaire\/","title":{"rendered":"Chapitre 1 : Evig, la cit\u00e9 mill\u00e9naire"},"content":{"rendered":"\n<div class=\"wp-block-group alignfull\" style=\"margin-top:0;margin-bottom:0;padding-top:var(--wp--preset--spacing--50);padding-right:var(--wp--preset--spacing--50);padding-bottom:var(--wp--preset--spacing--50);padding-left:var(--wp--preset--spacing--50)\"><div class=\"wp-block-group__inner-container is-layout-constrained wp-container-core-group-is-layout-9cf8f26d wp-block-group-is-layout-constrained\">\n<div class=\"wp-block-group alignwide has-base-2-background-color has-background\" style=\"border-radius:16px;padding-top:var(--wp--preset--spacing--40);padding-right:var(--wp--preset--spacing--50);padding-bottom:var(--wp--preset--spacing--40);padding-left:var(--wp--preset--spacing--50)\"><div class=\"wp-block-group__inner-container is-layout-constrained wp-container-core-group-is-layout-282d97d7 wp-block-group-is-layout-constrained\">\n<div style=\"height:var(--wp--preset--spacing--10)\" aria-hidden=\"true\" class=\"wp-block-spacer\"><\/div>\n\n\n\n<h2 class=\"wp-block-heading has-text-align-center has-x-large-font-size\">Chapitre 1 :                          Evig, la cit\u00e9 mill\u00e9naire<\/h2>\n\n\n\n<figure class=\"wp-block-image size-full\"><img loading=\"lazy\" decoding=\"async\" width=\"940\" height=\"788\" src=\"https:\/\/agesfarouches.fr\/wp-content\/uploads\/2024\/02\/SYMBAROUM_CHAP1.png\" alt=\"\" class=\"wp-image-47\" srcset=\"https:\/\/agesfarouches.fr\/wp-content\/uploads\/2024\/02\/SYMBAROUM_CHAP1.png 940w, https:\/\/agesfarouches.fr\/wp-content\/uploads\/2024\/02\/SYMBAROUM_CHAP1-300x251.png 300w, https:\/\/agesfarouches.fr\/wp-content\/uploads\/2024\/02\/SYMBAROUM_CHAP1-768x644.png 768w\" sizes=\"auto, (max-width: 940px) 100vw, 940px\" \/><\/figure>\n\n\n\n<p class=\"has-text-align-center\">Le premier pas dans l&rsquo;aventure !<\/p>\n\n\n\n<div style=\"height:0px\" aria-hidden=\"true\" class=\"wp-block-spacer\"><\/div>\n\n\n\n<p>V\u00f4tre royaume <strong><em>Alb\u00e9r\u00e9tor<\/em><\/strong> perd une guerre gagniez d&rsquo;avance. Au bord de la destruction le royaume <strong><em>Lyastra<\/em><\/strong> a d\u00e9chain\u00e9 une magie corruptrice et face \u00e0 cette nouvelle menace n\u00f4tre royaume \u00e0 perdu sa capital historique en moins de 7 ans. Comment la nouvelle capitale Evig va-t-elle survivre. <\/p>\n\n\n\n<p>Elle survie de justesse gr\u00e2ce \u00e0 l&rsquo;alliance de toutes les parties qui on permit de trouver une faille chez l&rsquo;ennemie mais ils ont du payer le prix d&rsquo;abandonner leur patrie qui \u00e0 \u00e9t\u00e9 souill\u00e9 par la corruption o\u00f9 plus rien ne pouce et plus rien ne meure vraiment. <\/p>\n\n\n\n<p>Grace \u00e0 cela ils ont pu envahir une nouvelle terre et \u00e9radiquer ses habitants pour leur prendre leur terre et leur habitation.<\/p>\n\n\n\n<figure class=\"wp-block-gallery has-nested-images columns-default is-cropped wp-block-gallery-1 is-layout-flex wp-block-gallery-is-layout-flex\">\n<figure class=\"wp-block-image size-large\"><img loading=\"lazy\" decoding=\"async\" width=\"788\" height=\"630\" data-id=\"185\" src=\"https:\/\/agesfarouches.fr\/wp-content\/uploads\/2025\/06\/480489820_947389167544176_7879752915153874999_n-1.jpg\" alt=\"\" class=\"wp-image-185\" srcset=\"https:\/\/agesfarouches.fr\/wp-content\/uploads\/2025\/06\/480489820_947389167544176_7879752915153874999_n-1.jpg 788w, https:\/\/agesfarouches.fr\/wp-content\/uploads\/2025\/06\/480489820_947389167544176_7879752915153874999_n-1-300x240.jpg 300w, https:\/\/agesfarouches.fr\/wp-content\/uploads\/2025\/06\/480489820_947389167544176_7879752915153874999_n-1-768x614.jpg 768w\" sizes=\"auto, (max-width: 788px) 100vw, 788px\" \/><\/figure>\n\n\n\n<figure class=\"wp-block-image size-large\"><img loading=\"lazy\" decoding=\"async\" width=\"810\" height=\"540\" data-id=\"169\" src=\"https:\/\/agesfarouches.fr\/wp-content\/uploads\/2025\/06\/481076096_955918453357914_5972914247045324093_n.jpg\" alt=\"\" class=\"wp-image-169\" srcset=\"https:\/\/agesfarouches.fr\/wp-content\/uploads\/2025\/06\/481076096_955918453357914_5972914247045324093_n.jpg 810w, https:\/\/agesfarouches.fr\/wp-content\/uploads\/2025\/06\/481076096_955918453357914_5972914247045324093_n-300x200.jpg 300w, https:\/\/agesfarouches.fr\/wp-content\/uploads\/2025\/06\/481076096_955918453357914_5972914247045324093_n-768x512.jpg 768w\" sizes=\"auto, (max-width: 810px) 100vw, 810px\" \/><\/figure>\n\n\n\n<figure class=\"wp-block-image size-large\"><img loading=\"lazy\" decoding=\"async\" width=\"812\" height=\"542\" data-id=\"170\" src=\"https:\/\/agesfarouches.fr\/wp-content\/uploads\/2025\/06\/481157382_953216756961417_7999598556666631353_n.jpg\" alt=\"\" class=\"wp-image-170\" srcset=\"https:\/\/agesfarouches.fr\/wp-content\/uploads\/2025\/06\/481157382_953216756961417_7999598556666631353_n.jpg 812w, https:\/\/agesfarouches.fr\/wp-content\/uploads\/2025\/06\/481157382_953216756961417_7999598556666631353_n-300x200.jpg 300w, https:\/\/agesfarouches.fr\/wp-content\/uploads\/2025\/06\/481157382_953216756961417_7999598556666631353_n-768x513.jpg 768w\" sizes=\"auto, (max-width: 812px) 100vw, 812px\" \/><\/figure>\n<\/figure>\n<\/div><\/div>\n<\/div><\/div>\n\n\n\n<p><\/p>\n","protected":false},"excerpt":{"rendered":"<p>Chapitre 1 : Evig, la cit\u00e9 mill\u00e9naire Le premier pas dans l&rsquo;aventure ! V\u00f4tre royaume Alb\u00e9r\u00e9tor perd une guerre gagniez d&rsquo;avance. Au bord de la destruction le royaume Lyastra a d\u00e9chain\u00e9 une magie corruptrice et face \u00e0 cette nouvelle menace n\u00f4tre royaume \u00e0 perdu sa capital historique en moins de 7 ans. Comment la nouvelle&hellip;&nbsp;<a href=\"https:\/\/agesfarouches.fr\/index.php\/chapitre-1-evig-la-cite-millenaire\/\" rel=\"bookmark\">Lire la suite &raquo;<span class=\"screen-reader-text\">Chapitre 1 : Evig, la cit\u00e9 mill\u00e9naire<\/span><\/a><\/p>\n","protected":false},"author":1,"featured_media":0,"parent":0,"menu_order":0,"comment_status":"closed","ping_status":"closed","template":"","meta":{"neve_meta_sidebar":"left","neve_meta_container":"","neve_meta_enable_content_width":"","neve_meta_content_width":70,"neve_meta_title_alignment":"","neve_meta_author_avatar":"","neve_post_elements_order":"","neve_meta_disable_header":"","neve_meta_disable_footer":"","neve_meta_disable_title":"","footnotes":""},"class_list":["post-23","page","type-page","status-publish","hentry"],"_links":{"self":[{"href":"https:\/\/agesfarouches.fr\/index.php\/wp-json\/wp\/v2\/pages\/23","targetHints":{"allow":["GET"]}}],"collection":[{"href":"https:\/\/agesfarouches.fr\/index.php\/wp-json\/wp\/v2\/pages"}],"about":[{"href":"https:\/\/agesfarouches.fr\/index.php\/wp-json\/wp\/v2\/types\/page"}],"author":[{"embeddable":true,"href":"https:\/\/agesfarouches.fr\/index.php\/wp-json\/wp\/v2\/users\/1"}],"replies":[{"embeddable":true,"href":"https:\/\/agesfarouches.fr\/index.php\/wp-json\/wp\/v2\/comments?post=23"}],"version-history":[{"count":7,"href":"https:\/\/agesfarouches.fr\/index.php\/wp-json\/wp\/v2\/pages\/23\/revisions"}],"predecessor-version":[{"id":186,"href":"https:\/\/agesfarouches.fr\/index.php\/wp-json\/wp\/v2\/pages\/23\/revisions\/186"}],"wp:attachment":[{"href":"https:\/\/agesfarouches.fr\/index.php\/wp-json\/wp\/v2\/media?parent=23"}],"curies":[{"name":"wp","href":"https:\/\/api.w.org\/{rel}","templated":true}]}}