{"id":61,"date":"2024-02-14T14:46:32","date_gmt":"2024-02-14T13:46:32","guid":{"rendered":"https:\/\/agesfarouches.fr\/?page_id=61"},"modified":"2025-06-24T16:09:40","modified_gmt":"2025-06-24T14:09:40","slug":"chapitre-2","status":"publish","type":"page","link":"https:\/\/agesfarouches.fr\/index.php\/chapitre-2\/","title":{"rendered":"Chapitre 2 : \u00c0 l&rsquo;or\u00e9e de Davokar"},"content":{"rendered":"\n<div class=\"wp-block-group\"><div class=\"wp-block-group__inner-container is-layout-constrained wp-block-group-is-layout-constrained\">\n<div class=\"wp-block-group is-nowrap is-layout-flex wp-container-core-group-is-layout-ad2f72ca wp-block-group-is-layout-flex\">\n<figure class=\"wp-block-image size-full is-style-rounded\"><img loading=\"lazy\" decoding=\"async\" width=\"940\" height=\"788\" src=\"https:\/\/agesfarouches.fr\/wp-content\/uploads\/2024\/02\/chapitre2.jpg\" alt=\"\" class=\"wp-image-63\" style=\"object-fit:cover\" srcset=\"https:\/\/agesfarouches.fr\/wp-content\/uploads\/2024\/02\/chapitre2.jpg 940w, https:\/\/agesfarouches.fr\/wp-content\/uploads\/2024\/02\/chapitre2-300x251.jpg 300w, https:\/\/agesfarouches.fr\/wp-content\/uploads\/2024\/02\/chapitre2-768x644.jpg 768w\" sizes=\"auto, (max-width: 940px) 100vw, 940px\" \/><\/figure>\n\n\n\n<div class=\"wp-block-group is-vertical is-layout-flex wp-container-core-group-is-layout-8cf370e7 wp-block-group-is-layout-flex\">\n<p>Oyez oyez <\/p>\n\n\n\n<p>C\u2019est avec un enthousiasme non feint que nous vous annon\u00e7ons le chapitre 2 de l\u2019\u00e9pop\u00e9e Symbaroum ! Vous pouvez noter les dates sur vos tablettes : du 27 au 29 septembre 2024  L&rsquo;aventure sera h\u00e9berg\u00e9e par l\u2019association Derni\u00e8re Lune sur les terres de Jouques (13)<\/p>\n<\/div>\n<\/div>\n<\/div><\/div>\n\n\n\n<div class=\"wp-block-group\"><div class=\"wp-block-group__inner-container is-layout-constrained wp-block-group-is-layout-constrained\">\n<div class=\"wp-block-group is-content-justification-center is-nowrap is-layout-flex wp-container-core-group-is-layout-94bc23d7 wp-block-group-is-layout-flex\">\n<figure class=\"wp-block-image size-full\"><img loading=\"lazy\" decoding=\"async\" width=\"673\" height=\"677\" src=\"https:\/\/agesfarouches.fr\/wp-content\/uploads\/2024\/02\/photo_1.jpg\" alt=\"\" class=\"wp-image-70\" srcset=\"https:\/\/agesfarouches.fr\/wp-content\/uploads\/2024\/02\/photo_1.jpg 673w, https:\/\/agesfarouches.fr\/wp-content\/uploads\/2024\/02\/photo_1-298x300.jpg 298w, https:\/\/agesfarouches.fr\/wp-content\/uploads\/2024\/02\/photo_1-150x150.jpg 150w\" sizes=\"auto, (max-width: 673px) 100vw, 673px\" \/><\/figure>\n<\/div>\n<\/div><\/div>\n\n\n\n<div class=\"wp-block-group alignfull has-accent-background-color has-background\" style=\"margin-top:0;margin-bottom:0;padding-top:var(--wp--preset--spacing--50);padding-right:var(--wp--preset--spacing--50);padding-bottom:var(--wp--preset--spacing--50);padding-left:var(--wp--preset--spacing--50)\"><div class=\"wp-block-group__inner-container is-layout-constrained wp-container-core-group-is-layout-2bafd31c wp-block-group-is-layout-constrained\">\n<p>Alors que vous vous promeniez dans les rues de Yndaros, votre attention fut attir\u00e9e par un tumulte proche de vous. <\/p>\n\n\n\n<p>Un passant s&rsquo;exclama : \u00ab\u00a0C&rsquo;est Harris !\u00a0\u00bb. \u00ab\u00a0Harris le Hardi est donc enfin rentr\u00e9 des lignes de front !\u00a0\u00bb, lui r\u00e9pondit un second avec jubilation. <\/p>\n\n\n\n<p>Un personnage se jucha lestement en haut d&rsquo;une charrette et leva la main pour demander le calme. \u00c0 votre grande surprise, le silence se fit. <\/p>\n\n\n\n<p>Ledit Harris donc, se racla la gorge, puis d\u00e9clama : \u201cUn tout nouveau royaume est n\u00e9 des cendres d\u2019un ancien royaume et d\u2019un peuple d\u00e9racin\u00e9. La survie fut possible gr\u00e2ce \u00e0 la direction de notre Reine qui nous a permis de triompher de la temp\u00eate. Un avant-poste a \u00e9t\u00e9 cr\u00e9\u00e9 \u00e0 la lisi\u00e8re d\u2019une immense for\u00eat, jamais encore explor\u00e9e. Elle s&rsquo;appelle Davokar. Le bruit court qu\u2019elle regorge de richesses. De mauvaises langues chuchotent que nous y serons en premi\u00e8re ligne, \u00e0 la merci de dangers inconnus. Hum. Il parait aussi que la chance sourit aux audacieux \u2026 Richesse, prestige et titres honorables, voil\u00e0 les opportunit\u00e9s que j\u2019y vois ! Non, je vous le dis, nous sommes le fier peuple d\u2019Ambrian et rien ne nous r\u00e9siste car notre dieu est puissant ! Et vive la Reine Korinthia ! \u201c<\/p>\n\n\n\n<p> \u00ab\u00a0Vive la Reine ! Vive la Reine \u00a0\u00bb repris la foule en c\u0153ur. <\/p>\n\n\n\n<p>\u00c0 ces mots, le myst\u00e9rieux personnage quitta son poste, se m\u00eala rapidement \u00e0 la foule et disparut de votre vue. Le charme fut comme rompu. Chacun, chacune retourna alors \u00e0 ses occupations. Mais ce discours vous fit fort grande impression &#8230;<\/p>\n\n\n\n<div class=\"wp-block-columns alignwide is-layout-flex wp-container-core-columns-is-layout-4d397ad4 wp-block-columns-is-layout-flex\">\n<div class=\"wp-block-column is-vertically-aligned-top is-layout-flow wp-block-column-is-layout-flow\" style=\"flex-basis:50%\"><\/div>\n\n\n\n<div class=\"wp-block-column is-vertically-aligned-stretch is-layout-flow wp-block-column-is-layout-flow\" style=\"flex-basis:50%\">\n<div class=\"wp-block-group is-vertical is-content-justification-stretch is-layout-flex wp-container-core-group-is-layout-d9786264 wp-block-group-is-layout-flex\" style=\"min-height:100%\">\n<ol class=\"wp-block-list\">\n<li><\/li>\n<\/ol>\n\n\n\n<p class=\"has-heading-font-family has-x-large-font-size\" style=\"line-height:1.2\"><\/p>\n<\/div>\n<\/div>\n<\/div>\n<\/div><\/div>\n","protected":false},"excerpt":{"rendered":"<p>Oyez oyez C\u2019est avec un enthousiasme non feint que nous vous annon\u00e7ons le chapitre 2 de l\u2019\u00e9pop\u00e9e Symbaroum ! Vous pouvez noter les dates sur vos tablettes : du 27 au 29 septembre 2024 L&rsquo;aventure sera h\u00e9berg\u00e9e par l\u2019association Derni\u00e8re Lune sur les terres de Jouques (13) Alors que vous vous promeniez dans les rues&hellip;&nbsp;<a href=\"https:\/\/agesfarouches.fr\/index.php\/chapitre-2\/\" rel=\"bookmark\">Lire la suite &raquo;<span class=\"screen-reader-text\">Chapitre 2 : \u00c0 l&rsquo;or\u00e9e de Davokar<\/span><\/a><\/p>\n","protected":false},"author":1,"featured_media":0,"parent":0,"menu_order":0,"comment_status":"closed","ping_status":"closed","template":"","meta":{"neve_meta_sidebar":"","neve_meta_container":"","neve_meta_enable_content_width":"","neve_meta_content_width":0,"neve_meta_title_alignment":"","neve_meta_author_avatar":"","neve_post_elements_order":"","neve_meta_disable_header":"","neve_meta_disable_footer":"","neve_meta_disable_title":"","footnotes":""},"class_list":["post-61","page","type-page","status-publish","hentry"],"_links":{"self":[{"href":"https:\/\/agesfarouches.fr\/index.php\/wp-json\/wp\/v2\/pages\/61","targetHints":{"allow":["GET"]}}],"collection":[{"href":"https:\/\/agesfarouches.fr\/index.php\/wp-json\/wp\/v2\/pages"}],"about":[{"href":"https:\/\/agesfarouches.fr\/index.php\/wp-json\/wp\/v2\/types\/page"}],"author":[{"embeddable":true,"href":"https:\/\/agesfarouches.fr\/index.php\/wp-json\/wp\/v2\/users\/1"}],"replies":[{"embeddable":true,"href":"https:\/\/agesfarouches.fr\/index.php\/wp-json\/wp\/v2\/comments?post=61"}],"version-history":[{"count":10,"href":"https:\/\/agesfarouches.fr\/index.php\/wp-json\/wp\/v2\/pages\/61\/revisions"}],"predecessor-version":[{"id":179,"href":"https:\/\/agesfarouches.fr\/index.php\/wp-json\/wp\/v2\/pages\/61\/revisions\/179"}],"wp:attachment":[{"href":"https:\/\/agesfarouches.fr\/index.php\/wp-json\/wp\/v2\/media?parent=61"}],"curies":[{"name":"wp","href":"https:\/\/api.w.org\/{rel}","templated":true}]}}